{"id":212,"date":"2024-03-31T07:47:05","date_gmt":"2024-03-31T05:47:05","guid":{"rendered":"https:\/\/doctorat.teatrufilm.ubbcluj.ro\/?page_id=212"},"modified":"2026-04-08T11:21:00","modified_gmt":"2026-04-08T09:21:00","slug":"","status":"publish","type":"page","link":"https:\/\/doctorat.teatrufilm.ubbcluj.ro\/en\/conducatori\/teatru-si-artele-spectacolului\/miklos-bacs\/","title":{"rendered":"","raw":""},"content":{"rendered":"\n<h2 class=\"wp-block-heading has-text-align-center\">Professor<br>Mikl\u00f3s B\u00c1CS, PhD<br><\/h2>\n\n\n\n<p class=\"has-text-align-center\">miklos.bacs@ubbcluj.ro<\/p>\n\n\n\n<hr class=\"wp-block-separator has-alpha-channel-opacity\"\/>\n\n\n\n<div class=\"wp-block-media-text is-stacked-on-mobile\" style=\"grid-template-columns:30% auto\"><figure class=\"wp-block-media-text__media\"><img loading=\"lazy\" decoding=\"async\" width=\"300\" height=\"300\" src=\"https:\/\/doctorat.teatrufilm.ubbcluj.ro\/wp-content\/uploads\/2024\/03\/BACS-300x300-1.jpg\" alt=\"\" class=\"wp-image-112 size-full\" srcset=\"https:\/\/doctorat.teatrufilm.ubbcluj.ro\/wp-content\/uploads\/2024\/03\/BACS-300x300-1.jpg 300w, https:\/\/doctorat.teatrufilm.ubbcluj.ro\/wp-content\/uploads\/2024\/03\/BACS-300x300-1-150x150.jpg 150w\" sizes=\"auto, (max-width: 300px) 100vw, 300px\" \/><\/figure><div class=\"wp-block-media-text__content\">\n<p><strong>Mikl\u00f3s B\u00e1cs <\/strong>is an actor at the Hungarian State Theatre in Cluj and a tenured university professor at the Faculty of Theatre and Film, Department of Theatre at Babe\u015f-Bolyai University, Cluj. He earned his Ph.D. in Theatre with a thesis on the Concept of Role in Luigi Pirandello and Jacob Levi Moreno at the Tg-Mure\u0219 University of Theatre Arts and his habilitation with a thesis on Actor Dramaturgy \u2013 the Origin and Genesis of Action in Stage Reality at Babe\u0219-Bolyai University, Cluj.<\/p>\n\n\n\n<p>As an educator, he is one of the founders of the theater school in Cluj, trainer of several generations of Romanian acting department graduates (many of whom are award-winners), and the initiator of the Galactoria student festival in 2004. He has been invited to conduct master classes at various universities, including the Academy of Arts, University of Novi Sad, Serbia; Gerasimov Institute of Cinematography (VGIK), Moscow, Russia; Leon Schiller Polish National Film, Television and Theatre School (PWSFTviT), Lodz, Poland; University of Siena, Italy; University of Theatre Arts Tg-Mure\u0219; etc. He has also organized numerous workshops at the Faculty of Theatre and Film, UBB Cluj, with guest speakers such as Prof. Robert Cohen, Prof. Eli Simon, Prof. David Kipper, Prof. David Zinder, Prof. Judith Peavy, Stephan Perdekamp, Alexandr Ogarjov, Prof. Katia Kamotskaya, etc.<\/p>\n<\/div><\/div>\n\n\n\n<hr class=\"wp-block-separator has-alpha-channel-opacity\"\/>\n","protected":false,"raw":"<!-- wp:heading {\"textAlign\":\"center\"} -->\n<h2 class=\"wp-block-heading has-text-align-center\">Professor<br>Mikl\u00f3s B\u00c1CS, PhD<br><\/h2>\n<!-- \/wp:heading -->\n\n<!-- wp:paragraph {\"align\":\"center\"} -->\n<p class=\"has-text-align-center\">miklos.bacs@ubbcluj.ro<\/p>\n<!-- \/wp:paragraph -->\n\n<!-- wp:separator -->\n<hr class=\"wp-block-separator has-alpha-channel-opacity\"\/>\n<!-- \/wp:separator -->\n\n<!-- wp:media-text {\"mediaId\":112,\"mediaLink\":\"https:\/\/doctorat.teatrufilm.ubbcluj.ro\/conducatori\/teatru-si-artele-spectacolului\/bacs-300x300\/\",\"mediaType\":\"image\",\"mediaWidth\":30} -->\n<div class=\"wp-block-media-text is-stacked-on-mobile\" style=\"grid-template-columns:30% auto\"><figure class=\"wp-block-media-text__media\"><img src=\"https:\/\/doctorat.teatrufilm.ubbcluj.ro\/wp-content\/uploads\/2024\/03\/BACS-300x300-1.jpg\" alt=\"\" class=\"wp-image-112 size-full\"\/><\/figure><div class=\"wp-block-media-text__content\"><!-- wp:paragraph -->\n<p><strong>Mikl\u00f3s B\u00e1cs <\/strong>is an actor at the Hungarian State Theatre in Cluj and a tenured university professor at the Faculty of Theatre and Film, Department of Theatre at Babe\u015f-Bolyai University, Cluj. He earned his Ph.D. in Theatre with a thesis on the Concept of Role in Luigi Pirandello and Jacob Levi Moreno at the Tg-Mure\u0219 University of Theatre Arts and his habilitation with a thesis on Actor Dramaturgy \u2013 the Origin and Genesis of Action in Stage Reality at Babe\u0219-Bolyai University, Cluj.<\/p>\n<!-- \/wp:paragraph -->\n\n<!-- wp:paragraph -->\n<p>As an educator, he is one of the founders of the theater school in Cluj, trainer of several generations of Romanian acting department graduates (many of whom are award-winners), and the initiator of the Galactoria student festival in 2004. He has been invited to conduct master classes at various universities, including the Academy of Arts, University of Novi Sad, Serbia; Gerasimov Institute of Cinematography (VGIK), Moscow, Russia; Leon Schiller Polish National Film, Television and Theatre School (PWSFTviT), Lodz, Poland; University of Siena, Italy; University of Theatre Arts Tg-Mure\u0219; etc. He has also organized numerous workshops at the Faculty of Theatre and Film, UBB Cluj, with guest speakers such as Prof. Robert Cohen, Prof. Eli Simon, Prof. David Kipper, Prof. David Zinder, Prof. Judith Peavy, Stephan Perdekamp, Alexandr Ogarjov, Prof. Katia Kamotskaya, etc.<\/p>\n<!-- \/wp:paragraph --><\/div><\/div>\n<!-- \/wp:media-text -->\n\n<!-- wp:separator -->\n<hr class=\"wp-block-separator has-alpha-channel-opacity\"\/>\n<!-- \/wp:separator -->"},"excerpt":{"rendered":"","protected":false,"raw":""},"author":1,"featured_media":0,"parent":16,"menu_order":0,"comment_status":"closed","ping_status":"closed","template":"templates\/template-onecolumn.php","meta":{"_ro_post_content":"<!-- wp:heading {\"textAlign\":\"center\"} -->\n<h2 class=\"wp-block-heading has-text-align-center\">Prof. univ. dr. habil.<br>Mikl\u00f3s B\u00c1CS<br><\/h2>\n<!-- \/wp:heading -->\n\n<!-- wp:paragraph {\"align\":\"center\"} -->\n<p class=\"has-text-align-center\">miklos.bacs@ubbcluj.ro<\/p>\n<!-- \/wp:paragraph -->\n\n<!-- wp:paragraph {\"align\":\"center\"} -->\n<p class=\"has-text-align-center\">dat\u0103 abilitare: 4104MD \/ 05.07.2013<\/p>\n<!-- \/wp:paragraph -->\n\n<!-- wp:paragraph {\"align\":\"center\"} -->\n<p class=\"has-text-align-center\">doctoranzi \u00een stagiu: 2<\/p>\n<!-- \/wp:paragraph -->\n\n<!-- wp:paragraph {\"align\":\"center\"} -->\n<p class=\"has-text-align-center\"><strong>Linkuri spre profiluri academice:<\/strong><\/p>\n<!-- \/wp:paragraph -->\n\n<!-- wp:paragraph {\"align\":\"center\"} -->\n<p class=\"has-text-align-center\">Google Scholar:<\/p>\n<!-- \/wp:paragraph -->\n\n<!-- wp:paragraph {\"align\":\"center\"} -->\n<p class=\"has-text-align-center\"><a href=\"ttps:\/\/scholar.google.com\/citations?user=4dL0GcEAAAAJ&amp;hl=en\"><strong>https:\/\/scholar.google.com\/citations?user=4dL0GcEAAAAJ&amp;hl=en<\/strong><\/a><\/p>\n<!-- \/wp:paragraph -->\n\n<!-- wp:paragraph {\"align\":\"center\"} -->\n<p class=\"has-text-align-center\"><strong><a href=\"https:\/\/doctorat.teatrufilm.ubbcluj.ro\/wp-content\/uploads\/2026\/01\/Miklos_Bacs_CV_2025.pdf\">CV detaliat<\/a><\/strong><\/p>\n<!-- \/wp:paragraph -->\n\n<!-- wp:paragraph {\"align\":\"center\"} -->\n<p class=\"has-text-align-center\"><strong><a href=\"https:\/\/doctorat.teatrufilm.ubbcluj.ro\/wp-content\/uploads\/2026\/01\/Mini-CV_Bacs_Miklos_2025.pdf\">CV_scurt_EN_RO<\/a><\/strong><\/p>\n<!-- \/wp:paragraph -->\n\n<!-- wp:paragraph {\"align\":\"center\"} -->\n<p class=\"has-text-align-center\"><strong><a href=\"https:\/\/doctorat.teatrufilm.ubbcluj.ro\/wp-content\/uploads\/2026\/01\/TAS-_BACS_MIKLOS_2026_FTF_Standarde-sintetic.pdf\">FI\u0218\u0102 STANDARDE CNATDCU (punctaje)<\/a><\/strong><\/p>\n<!-- \/wp:paragraph -->\n\n<!-- wp:separator -->\n<hr class=\"wp-block-separator has-alpha-channel-opacity\"\/>\n<!-- \/wp:separator -->\n\n<!-- wp:media-text {\"mediaId\":112,\"mediaLink\":\"https:\/\/doctorat.teatrufilm.ubbcluj.ro\/conducatori\/teatru-si-artele-spectacolului\/bacs-300x300\/\",\"mediaType\":\"image\",\"mediaWidth\":30,\"verticalAlignment\":\"top\"} -->\n<div class=\"wp-block-media-text is-stacked-on-mobile is-vertically-aligned-top\" style=\"grid-template-columns:30% auto\"><figure class=\"wp-block-media-text__media\"><img src=\"https:\/\/doctorat.teatrufilm.ubbcluj.ro\/wp-content\/uploads\/2024\/03\/BACS-300x300-1.jpg\" alt=\"\" class=\"wp-image-112 size-full\"\/><\/figure><div class=\"wp-block-media-text__content\"><!-- wp:paragraph {\"align\":\"left\"} -->\n<p class=\"has-text-align-left\">Mikl\u00f3s B\u00e1cs este actor al Teatrului Maghiar de Stat din Cluj \u0219i profesor universitar doctor abilitat la Facultatea de Teatru \u0219i Film, Departamentul de Teatru din cadrul Universit\u0103\u021bii Babe\u0219 Bolyai, Cluj.<\/p>\n<!-- \/wp:paragraph -->\n\n<!-- wp:paragraph {\"align\":\"left\"} -->\n<p class=\"has-text-align-left\">A ob\u021binut titlul de doctor \u00een domeniul Teatru, cu teza &nbsp;<em>Conceptul de rol la Luigi Pirandello \u0219i Jacob Levi Moreno<\/em>&nbsp;la Universitatea de Art\u0103 Teatral\u0103 Tg-Mure\u0219 \u0219i titlul de doctor abilitat cu teza&nbsp;<em>Dramaturgia actorului \u2013 originea \u0219i geneza ac\u021biunii \u00een realitatea scenic\u0103<\/em>&nbsp;la Universitatea Babe\u0219-Bolyai, Cluj.<\/p>\n<!-- \/wp:paragraph -->\n\n<!-- wp:paragraph -->\n<p>Ca pedagog, este unul din fondatorii \u0219colii de teatru din Cluj, coordonator a mai multor genera\u021bii de absolven\u021bi ai sec\u021biei rom\u00e2ne specializarea actorie (multiplu premia\u021bi) \u0219i ini\u021biatorul \u00een 2004 al festivalului studen\u021besc&nbsp;<em>Galactoria<\/em>.<\/p>\n<!-- \/wp:paragraph -->\n\n<!-- wp:paragraph -->\n<p>A fost invitat s\u0103 sus\u021bin\u0103 cursuri de m\u0103iestrie la diferite universit\u0103\u021bi, dintre care amintim:&nbsp; Universitatea de Cinematografie&nbsp;<em>Gerasimov<\/em>&nbsp;(VGIK), Moscova, Federa\u021bia Rus\u0103; \u0218coala Na\u021bional\u0103 Polonez\u0103 de Film, Televiziune \u0219i Teatru&nbsp;<em>Leon Schiller<\/em>, (PWSFTviT), Lodz, Polonia; Universitatea din Siena, Italia; Universitatea de art\u0103 teatral\u0103 \u0219i cinematografic\u0103 Budapesta, Ungaria; Universitatea de Arte Novi Sad, Serbia Universitatea de Art\u0103 Tg-Mure\u0219; etc. \u0219i a organizat numeroase ateliere \u00een cadrul Facult\u0103\u021bii de Teatru \u0219i Film, UBB Cluj (invita\u0163i: prof. Robert Cohen, prof. Eli Simon, prof. David Kipper, prof. David Zinder, prof. Judith Peavy, Stephan Perdekamp, Alexandr Ogarjov, prof. Katia Kamotskaya etc.).<\/p>\n<!-- \/wp:paragraph -->\n\n<!-- wp:paragraph -->\n<p>A participat la cursuri de perfec\u021bionare \u00een cadrul Festivalului LIFT Londra, Marea Britanie; Oxford Stage Company, Marea Britanie; Teatrului Maghiar de Stat Cluj sub bagheta lui Yoshi Oida;&nbsp;<em>Isola della pedagogia&nbsp;<\/em>organizat de&nbsp;Fondazione di Venezia sub conducerea lui Anatolij Vasiliev, Italia, etc.<\/p>\n<!-- \/wp:paragraph -->\n\n<!-- wp:paragraph -->\n<p>Arii de cercetare: filosofia artei actorului, pedagogia artei actorului, dramaturgia actorului, psihologia procesului de crea\u021bie \u00een arta actorului, metode \u0219i strategii individuale de crea\u021bie \u00een arta actorului\/performer-ului, canalele de comunicare \u00een artele spectacolului, raportul dintre munca de crea\u021bie \u0219i pozi\u021bionarea pe axa tradi\u021bional\/modern\/postmodern, psihodram\u0103.<\/p>\n<!-- \/wp:paragraph -->\n\n<!-- wp:paragraph -->\n<p>A publicat numeroase articole \u0219i studii \u00een reviste de specialitate, fiind autorul lucr\u0103rilor&nbsp;<em>Masc\u0103 \u015fi Rol<\/em>,&nbsp;<em>Marele Mascat<\/em>,&nbsp;<em>Propedeutica limbajului nonverbal \u00een arta actorului<\/em>.<\/p>\n<!-- \/wp:paragraph -->\n\n<!-- wp:paragraph -->\n<p>Colaborator a numeroase institu\u021bii culturale na\u021bionale \u0219i interna\u021bionale, cariera sa profesional\u0103 cuprinde peste 100 de roluri \u00een teatru, film, televiziune \u0219i radio, peste 25 de spectacole regizate \u0219i peste 100 de particip\u0103ri la &nbsp;festivaluri de teatru na\u021bionale \u0219i interna\u021bionale. &nbsp;A colaborat cu regizorii: Silviu Purc\u0103rete, Tompa G\u00e1bor, Mihai M\u0103niu\u0163iu, Vlad Mugur, Yuri Kordonsky, Anatolij Vasiliev, Andriy Zholdak, Michael Docekal, Bocs\u00e1rdi L\u00e1szl\u00f3, Mona Chirila, Eszenyi Enik\u0151, Adrian Sitaru, Eli Malka, David Zinder, Dominique Serrand, Tony Gatliff, etc.<\/p>\n<!-- \/wp:paragraph -->\n\n<!-- wp:paragraph -->\n<p>Director al Galei T\u00e2n\u0103rului Actor HOP, UNITER 2016-2018, este membru al Consiliului Artistic al Teatrului Maghiar de Stat din Cluj , membru al Senatului Uniter \u0219i membru al Consiliului Aracis.<\/p>\n<!-- \/wp:paragraph -->\n\n<!-- wp:paragraph -->\n<p>Pe l\u00e2ng\u0103 premiile colective primite pentru spectacolele la care a contribuit (premiile ATM, Uniter, MOT, Ex Ponto, etc.) a fost distins cu premiile individuale: Premiul B\u00e1nffy 2003, 2019, Premiul pentru cel mai bun actor \u00een rol principal FestCo 2007, Premiul Reprezentativit\u0103\u021bii UBB 2008, Premiul Excellentia Universitatea Babe\u015f-Bolyai 2013, Premiul Amza Pellea pentru pedagogie teatral\u0103 2013, Premiul special Uniter 2016, Premiul Virgil Flonda FITS 2017, Premiul pentru cel mai bun actor in rol principal Fest(In) pe Bulevard 2018, Premiul&nbsp; pentru cel mai bun actor \u00een rol secundar Premiile UNITER 2024.<\/p>\n<!-- \/wp:paragraph --><\/div><\/div>\n<!-- \/wp:media-text -->\n\n<!-- wp:separator -->\n<hr class=\"wp-block-separator has-alpha-channel-opacity\"\/>\n<!-- \/wp:separator -->\n\n<!-- wp:heading {\"level\":4} -->\n<h4 class=\"wp-block-heading\">Tematic\u0103 \u0219i bibliografie pentru admitere<\/h4>\n<!-- \/wp:heading -->\n\n<!-- wp:lightweight-accordion\/lightweight-accordion {\"title\":\"\\u003cstrong\\u003eArii \u0219i teme de cercetare doctoral\u0103\\u003c\/strong\\u003e\"} -->\n<!-- wp:list -->\n<ul class=\"wp-block-list\"><!-- wp:list-item -->\n<li>Tehnici \u0219i metode de cercetare \u00een Teatru \u0219i Performance Studies \u2013 contextualizareapropriei cercet\u0103ri<\/li>\n<!-- \/wp:list-item -->\n\n<!-- wp:list-item -->\n<li>Arta actorului din perspectiv\u0103 antropologic\u0103 \u2013 criterii analitice de evaluare<\/li>\n<!-- \/wp:list-item -->\n\n<!-- wp:list-item -->\n<li>Tendin\u021be contemporane \u00een cercetarea artistic\u0103 \u2013 Practice as research \u00een artelespectacolului<\/li>\n<!-- \/wp:list-item --><\/ul>\n<!-- \/wp:list -->\n<!-- \/wp:lightweight-accordion\/lightweight-accordion -->\n\n<!-- wp:lightweight-accordion\/lightweight-accordion {\"title\":\"\\u003cstrong\\u003eBibliografie\\u003c\/strong\\u003e\"} -->\n<!-- wp:list {\"ordered\":true} -->\n<ol class=\"wp-block-list\"><!-- wp:list-item -->\n<li>Austin, J. L. , <em>How to Do Things with Words<\/em>, Harvard University Press, Cambridge,Massachusetts, 1975<\/li>\n<!-- \/wp:list-item -->\n\n<!-- wp:list-item -->\n<li>Barba, Eugenio; Nicola, Savarese, <em>Arta secret\u0103 a actorului. Dic\u0163ionar de antropologie teatral\u0103<\/em>, traducere din italian\u0103 de Vlad Russo, Editura Humanitas, Bucure\u015fti, 2012<\/li>\n<!-- \/wp:list-item -->\n\n<!-- wp:list-item -->\n<li>Baron, Philippe; Souiller, Didier, <em>L\u2019acteur en son m\u00e9tier<\/em>, Edition Universitaires de Dijon, Dijon, 1997<\/li>\n<!-- \/wp:list-item -->\n\n<!-- wp:list-item -->\n<li>Barthes, Roland, <em>The Pleasure of the Text<\/em>, Hill and Wang, New York, 1975<\/li>\n<!-- \/wp:list-item -->\n\n<!-- wp:list-item -->\n<li>Barthes, Roland, <em>Text-Image-Text<\/em>, Hill and Wang, New York, 1977<\/li>\n<!-- \/wp:list-item -->\n\n<!-- wp:list-item -->\n<li>Benedetti, Jean, <em>The Art of the Actor<\/em>, Routledge, New York, 2007<\/li>\n<!-- \/wp:list-item -->\n\n<!-- wp:list-item -->\n<li>Fischer Lichte, Erika, <em>The Semiotics of Theatre<\/em>, Indiana University Press, 1992<\/li>\n<!-- \/wp:list-item -->\n\n<!-- wp:list-item -->\n<li>Fischer-Lichte, Erika, <em>Theatre and Performance Studies<\/em>, editat de Minoua Arjomand \u0219i RamonaMosse, tradus \u00een englez\u0103 de Minou Arjomand, Routledge, 2014<\/li>\n<!-- \/wp:list-item -->\n\n<!-- wp:list-item -->\n<li>Jauss, Hans Robert, <em>Toward an Aesthetic of Reception<\/em>, University of Minnesota Press,Minneapolis, 1982<\/li>\n<!-- \/wp:list-item --><\/ol>\n<!-- \/wp:list -->\n<!-- \/wp:lightweight-accordion\/lightweight-accordion -->","_ro_post_name":"miklos-bacs","_ro_post_excerpt":"","_ro_post_title":"Miklos BACS","_en_post_content":"<!-- wp:heading {\"textAlign\":\"center\"} -->\n<h2 class=\"wp-block-heading has-text-align-center\">Professor<br>Mikl\u00f3s B\u00c1CS, PhD<br><\/h2>\n<!-- \/wp:heading -->\n\n<!-- wp:paragraph {\"align\":\"center\"} -->\n<p class=\"has-text-align-center\">miklos.bacs@ubbcluj.ro<\/p>\n<!-- \/wp:paragraph -->\n\n<!-- wp:separator -->\n<hr class=\"wp-block-separator has-alpha-channel-opacity\"\/>\n<!-- \/wp:separator -->\n\n<!-- wp:media-text {\"mediaId\":112,\"mediaLink\":\"https:\/\/doctorat.teatrufilm.ubbcluj.ro\/conducatori\/teatru-si-artele-spectacolului\/bacs-300x300\/\",\"mediaType\":\"image\",\"mediaWidth\":30} -->\n<div class=\"wp-block-media-text is-stacked-on-mobile\" style=\"grid-template-columns:30% auto\"><figure class=\"wp-block-media-text__media\"><img src=\"https:\/\/doctorat.teatrufilm.ubbcluj.ro\/wp-content\/uploads\/2024\/03\/BACS-300x300-1.jpg\" alt=\"\" class=\"wp-image-112 size-full\"\/><\/figure><div class=\"wp-block-media-text__content\"><!-- wp:paragraph -->\n<p><strong>Mikl\u00f3s B\u00e1cs <\/strong>is an actor at the Hungarian State Theatre in Cluj and a tenured university professor at the Faculty of Theatre and Film, Department of Theatre at Babe\u015f-Bolyai University, Cluj. He earned his Ph.D. in Theatre with a thesis on the Concept of Role in Luigi Pirandello and Jacob Levi Moreno at the Tg-Mure\u0219 University of Theatre Arts and his habilitation with a thesis on Actor Dramaturgy \u2013 the Origin and Genesis of Action in Stage Reality at Babe\u0219-Bolyai University, Cluj.<\/p>\n<!-- \/wp:paragraph -->\n\n<!-- wp:paragraph -->\n<p>As an educator, he is one of the founders of the theater school in Cluj, trainer of several generations of Romanian acting department graduates (many of whom are award-winners), and the initiator of the Galactoria student festival in 2004. He has been invited to conduct master classes at various universities, including the Academy of Arts, University of Novi Sad, Serbia; Gerasimov Institute of Cinematography (VGIK), Moscow, Russia; Leon Schiller Polish National Film, Television and Theatre School (PWSFTviT), Lodz, Poland; University of Siena, Italy; University of Theatre Arts Tg-Mure\u0219; etc. He has also organized numerous workshops at the Faculty of Theatre and Film, UBB Cluj, with guest speakers such as Prof. Robert Cohen, Prof. Eli Simon, Prof. David Kipper, Prof. David Zinder, Prof. Judith Peavy, Stephan Perdekamp, Alexandr Ogarjov, Prof. Katia Kamotskaya, etc.<\/p>\n<!-- \/wp:paragraph --><\/div><\/div>\n<!-- \/wp:media-text -->\n\n<!-- wp:separator -->\n<hr class=\"wp-block-separator has-alpha-channel-opacity\"\/>\n<!-- \/wp:separator -->","_en_post_name":"","_en_post_excerpt":"","_en_post_title":"","edit_language":"en","footnotes":""},"class_list":["post-212","page","type-page","status-publish","hentry"],"_links":{"self":[{"href":"https:\/\/doctorat.teatrufilm.ubbcluj.ro\/en\/wp-json\/wp\/v2\/pages\/212","targetHints":{"allow":["GET"]}}],"collection":[{"href":"https:\/\/doctorat.teatrufilm.ubbcluj.ro\/en\/wp-json\/wp\/v2\/pages"}],"about":[{"href":"https:\/\/doctorat.teatrufilm.ubbcluj.ro\/en\/wp-json\/wp\/v2\/types\/page"}],"author":[{"embeddable":true,"href":"https:\/\/doctorat.teatrufilm.ubbcluj.ro\/en\/wp-json\/wp\/v2\/users\/1"}],"replies":[{"embeddable":true,"href":"https:\/\/doctorat.teatrufilm.ubbcluj.ro\/en\/wp-json\/wp\/v2\/comments?post=212"}],"version-history":[{"count":9,"href":"https:\/\/doctorat.teatrufilm.ubbcluj.ro\/en\/wp-json\/wp\/v2\/pages\/212\/revisions"}],"predecessor-version":[{"id":688,"href":"https:\/\/doctorat.teatrufilm.ubbcluj.ro\/en\/wp-json\/wp\/v2\/pages\/212\/revisions\/688"}],"up":[{"embeddable":true,"href":"https:\/\/doctorat.teatrufilm.ubbcluj.ro\/en\/wp-json\/wp\/v2\/pages\/16"}],"wp:attachment":[{"href":"https:\/\/doctorat.teatrufilm.ubbcluj.ro\/en\/wp-json\/wp\/v2\/media?parent=212"}],"curies":[{"name":"wp","href":"https:\/\/api.w.org\/{rel}","templated":true}]}}